{"id":21390,"date":"2023-08-10T19:39:28","date_gmt":"2023-08-10T17:39:28","guid":{"rendered":"https:\/\/news-cba.info\/newsletter\/?page_id=21390"},"modified":"2023-08-10T19:39:28","modified_gmt":"2023-08-10T17:39:28","slug":"inscription","status":"publish","type":"page","link":"https:\/\/news-cba.info\/newsletter\/inscription\/","title":{"rendered":"Newsletter"},"content":{"rendered":"\n<h2 class=\"wp-block-heading\"><\/h2>\n\n\n<p>S'inscrire \u00e0 la newsletter de Cannes Seniors Le Club<style id='mailster-form-default' type='text\/css'>.mailster-embeded-form body{background:0;padding:0;margin:0}.mailster-embeded-form .mailster-form-body{padding:5px !important;margin:auto !important}.mailster-form-wrap{max-width:100%;max-height:95%;min-width:100px;-webkit-overflow-scrolling:touch}.mailster-form{margin-bottom:20px;position:relative}.mailster-form:before{content:'';position:absolute;display:block;height:100%;width:100%;z-index:1;background-repeat:no-repeat;background-position:center center;background-size:20px 20px;background-image:url('https:\/\/news-cba.info\/newsletter\/wp-content\/plugins\/mailster\/assets\/css\/..\/img\/loading.gif');visibility:hidden;opacity:0;transition:opacity .15s ease-in-out}.mailster-form.loading:before{opacity:1;visibility:visible}@media only screen and (-webkit-min-device-pixel-ratio:2),only screen and (min-resolution:192dpi){.mailster-form:before{background-image:url('https:\/\/news-cba.info\/newsletter\/wp-content\/plugins\/mailster\/assets\/css\/..\/img\/loading_2x.gif')}}.mailster-form:after,.mailster-form-fields:after{content:'.';visibility:hidden;display:block;height:0;clear:both}.mailster-form .mailster-form-fields{transition:all .15s ease-in-out}.mailster-form.completed .mailster-form-fields{height:0;min-height:0;opacity:0;overflow:hidden}.mailster-form,.mailster-form .input,.mailster-form .mailster-form-info{width:100%;box-sizing:border-box}.mailster-embeded-form .mailster-form{margin-bottom:3px}.mailster-form .mailster-wrapper{position:relative;margin-bottom:2px;transition:opacity .15s ease-in-out}.mailster-form.loading .mailster-wrapper{opacity:.2}.mailster-form textarea.input{resize:vertical;height:150px}.mailster-form li{list-style:none !important;margin-left:0;padding-left:0}span.mailster-required{font-size:120%;font-weight:700;color:#bf4d4d}.mailster-lists-wrapper ul{list-style:none;margin-left:0;padding-left:0}.mailster-lists-wrapper ul li{margin-left:0}.mailster-list-description{color:inherit;display:block;margin-left:25px;font-size:.8em}.mailster-form-info{height:0;border-radius:2px;padding:5px;margin-bottom:4px;color:#fff;padding:9px 16px;transition:all .2s;-webkit-transform:scale(0);-moz-transform:scale(0);-ms-transform:scale(0);transform:scale(0)}.mailster-form.loading .mailster-form-info{opacity:0}.mailster-form-info a{color:#fff}.mailster-form-info.success,.mailster-form-info.error{display:block;height:100%;-webkit-transform:scale(1);-moz-transform:scale(1);-ms-transform:scale(1);transform:scale(1)}.mailster-form .error input,.mailster-form .error select,.mailster-form .error textarea{outline:2px solid #bf4d4d;outline-offset:0}.mailster-form-info.error{background:#bf4d4d}.mailster-form-info.success{background-color:#6fbf4d;text-align:center}.mailster-form-info ul,.mailster-form .mailster-form-info p{margin:0;padding:0;max-width:initial}.mailster-form-info ul li{color:inherit;margin-left:0}.mailster-submit-wrapper{margin-top:6px}.mailster-form .submit-button{cursor:pointer}.mailster-form .submit-button:focus{outline:0}<\/style><style type=\"text\/css\" media=\"screen\" class=\"mailster-custom-form-css\">\n.mailster-form.mailster-form-1 .submit-button{background-color:#249ee5;color:#ffffff;}\n.mailster-form.mailster-form-1 .submit-button:hover{background-color:#237fdb;color:#def5f9;}\n.mailster-form.mailster-form-1 .mailster-lastname-wrapper .input{color:#0c0c0c;background-color:#eaeaea;}\n.mailster-form.mailster-form-1 .mailster-firstname-wrapper .input{color:#0c0c0c;background-color:#eaeaea;}\n.mailster-form.mailster-form-1 .mailster-email-wrapper .input{color:#0c0c0c;background-color:#eaeaea;}\n.mailster-form.mailster-form-1 .mailster-form-info.success{color:#ffffff;background-color:#97e04a;}\n.mailster-form-0{margin-bottom:20px;}\n.input, .mailster-form-0 .mailster-form-info{width:100%;-webkit-box-sizing:border-box;-moz-box-sizing:border-box;box-sizing:border-box;}\n.mailster-form-0 label{line-height:1.8em;}\n.mailster-form-0 li{list-style:none !important;margin-left:0;}\n.mailster-form-0 label .required{color:#f33;}\n.mailster-form-0 input.required{color:inherit;}\n.mailster-form-0 .mailster-email{}\n.mailster-form-0 .mailster-firstname{}\n.mailster-form-0 .mailster-lastname{}\n.mailster-form-0 .mailster-lists-wrapper ul{list-style:none;margin-left:0;}\n.mailster-form-0 .mailster-lists-wrapper ul li{margin-left:0;}\n.mailster-form-0 .mailster-list-description{color:inherit;display:block;margin-left:25px;font-size:1.6em;}\n.mailster-form-0 .mailster-form-info{display:none;border-radius:3px;padding:5px;margin-bottom:4px;}\n.mailster-form-0 .error input{border:1px solid;border-color:#df6f8b #da5f75 #d55061;}\n.mailster-form-0 .mailster-form-info.error{border:1px solid #E9B9BB;background:#FFDCDD;}\n.mailster-form-0 .mailster-form-info ul li{color:inherit;margin-left:0;}\n.mailster-form-0 .mailster-form-info.success{border:1px solid #BADEB1;background-color: #E1FFD9;}\n.mailster-form-0 .mailster-form-info p{margin-bottom:0;}\n.mailster-form-0 .mailster-form-info ul{list-style-type:circle;margin-left:0;margin-bottom:0;}\n.mailster-form-0 .submit-button{margin:6px 0 0;}\n.mailster-form-0 .submit-button:active{margin:7px 1px 1px;}\n.mailster-form-0 .mailster-loader{display: none;width:16px;height:18px;margin:4px;vertical-align: middle;background-image:url('http:\/\/news-cba.info\/newsletter\/wp-content\/plugins\/myMail\/assets\/img\/loading.gif');background-repeat:no-repeat;background-position:center center;}\n.mailster-form-0 .mailster-loader.loading{display: inline-block;}\n@media only screen and (-webkit-min-device-pixel-ratio: 2),only screen and (min--moz-device-pixel-ratio: 2),only screen and (-o-min-device-pixel-ratio: 2\/1),only screen and (min-device-pixel-ratio: 2),only screen and ( min-resolution: 192dpi),only screen and ( min-resolution: 2dppx){.mailster-form-0 .mailster-loader{background-image:url('http:\/\/news-cba.info\/newsletter\/wp-content\/plugins\/myMail\/assets\/img\/loading_2x.gif');background-size:100%;}\n}\n.mailster-form-0 .mailster-form-info.success{}\n.mailster-form-1 .mailster-wrapper{}\n.mailster-form-1{}\n.mailster-form-1 .mailster-email-wrapper{}\n.mailster-form-1{}\n.mailster-form-1 .mailster-email-wrapper{}\n.mailster-form-1 .mailster-firstname-wrapper{}\n.mailster-form-1 .mailster-firstname-wrapper{}\n.mailster-form-1 .mailster-email-wrapper{}\n.mailster-form-1 .mailster-firstname-wrapper{}\n.mailster-form-1 .mailster-lastname-wrapper{}\n.mailster-form-1 .mailster-date-de-naissance-wrapper{}\n.mailster-form-1 .mailster-lastname-wrapper{}\n.mailster-form-1 .mailster-date-de-naissance-wrapper{}\n.mailster-form-1 .mailster-lastname-wrapper{}\n.mailster-form-1 .mailster-firstname-wrapper{}\n.mailster-form-1 .mailster-lastname-wrapper{}\n.mailster-form-1 .mailster-firstname-wrapper{}\n.mailster-form-1 .mailster-lastname-wrapper{}\n.mailster-form-1 .mailster-email-wrapper input.input{}\n.mailster-form-1 .mailster-firstname-wrapper input.input{}\n.mailster-form-1 .mailster-lastname-wrapper input.input{}\n.mailster-form-1 .mailster-date-de-naissance-wrapper input.input{}\n.mailster-form-1 label .mailster-required{}\n.mailster-form-1 .mailster-submit-wrapper .submit-button{}\n<\/style>\n<form action=\"https:\/\/news-cba.info\/newsletter\/mailster\/subscribe\" method=\"post\" class=\"mailster-form mailster-form-submit mailster-ajax-form mailster-form-1\" novalidate><input name=\"_action\" type=\"hidden\" value=\"subscribe\">\n<input name=\"_timestamp\" type=\"hidden\" value=\"1778761979\">\n<input name=\"_referer\" type=\"hidden\" value=\"https:\/\/news-cba.info\/newsletter\/newsletter\/wp-json\/wp\/v2\/pages\/21390\">\n<input name=\"_nonce\" type=\"hidden\" value=\"303a9bac1a\">\n<input name=\"formid\" type=\"hidden\" value=\"1\">\n<div class=\"mailster-form-fields\">\n<div class=\"mailster-wrapper mailster-lastname-wrapper\"><input id=\"mailster-lastname-1\" name=\"lastname\" type=\"text\" value=\"\" placeholder=\"Nom *\" class=\"input mailster-lastname mailster-required\" aria-required=\"true\" aria-label=\"Nom\"><\/div>\n<div class=\"mailster-wrapper mailster-firstname-wrapper\"><input id=\"mailster-firstname-1\" name=\"firstname\" type=\"text\" value=\"\" placeholder=\"Pr\u00e9nom *\" class=\"input mailster-firstname mailster-required\" aria-required=\"true\" aria-label=\"Pr\u00e9nom\"><\/div>\n<div class=\"mailster-wrapper mailster-email-wrapper\"><input id=\"mailster-email-1\" name=\"email\" type=\"email\" value=\"\" placeholder=\"E-Mail *\" class=\"input mailster-email mailster-required\" aria-required=\"true\" aria-label=\"E-Mail\" spellcheck=\"false\"><\/div>\n<div style=\"position:absolute;top:-99999px;left:-99999px;z-index:-99;\"><input name=\"_n_hp_mail\" type=\"email\" tabindex=\"-1\" autocomplete=\"noton\" autofill=\"off\"><\/div>\n<div class=\"mailster-wrapper mailster-_gdpr-wrapper\"><label for=\"mailster-_gdpr-1\"><input type=\"hidden\" name=\"_gdpr\" value=\"0\"><input id=\"mailster-_gdpr-1\" name=\"_gdpr\" type=\"checkbox\" value=\"1\" class=\"mailster-_gdpr mailster-required\" aria-required=\"true\" aria-label=\" J&#039;accepte la politique de confidentialit\u00e9 et les termes.\">  J'accepte la politique de confidentialit\u00e9 et les termes. (<a href=\"https:\/\/news-cba.info\/newsletter\/politique-de-confidentialite\/\" target=\"_top\">Lien<\/a>)<\/label><\/div>\n<div class=\"mailster-wrapper mailster-submit-wrapper form-submit\"><input name=\"submit\" type=\"submit\" value=\"S&#039;abonner \u00e0 la Newsletter\" class=\"submit-button button\" aria-label=\"S&#039;abonner \u00e0 la Newsletter\"><\/div>\n<\/div>\n<\/form>\n<\/p>\n\n\n\n<p><strong>Pour confirmer votre inscription, veuillez consulter votre boite mail.<\/strong><\/p>\n\n\n\n<p class=\"has-text-color\" style=\"color:#5d5d5d;font-size:16px;font-style:normal;font-weight:300;text-decoration:none;text-transform:none\">Les informations recueillies font l\u2019objet d\u2019un traitement informatique destin\u00e9 \u00e0 vous informer sur l\u2019actualit\u00e9 du GIP Cannes Seniors Le Club, sur la base de votre consentement. Les destinataires des donn\u00e9es sont les abonn\u00e9s \u00e0 la newsletter. Conform\u00e9ment \u00e0 la loi \u00ab informatique et libert\u00e9s \u00bb du 6 janvier 1978 modifi\u00e9e en 2004, vous b\u00e9n\u00e9ficiez d\u2019un droit d\u2019acc\u00e8s et de rectification aux informations qui vous concernent, que vous pouvez exercer en vous adressant \u00e0 : GIP Cannes Seniors Le Club, 15, avenue du Petit Juas, 06400 CANNES. Vous pouvez \u00e9galement, pour des motifs l\u00e9gitimes, vous opposer au traitement des donn\u00e9es vous concernant.<\/p>\n\n\n\n<p>*Champs obligatoires<\/p>\n\n\n\n<p><\/p>\n","protected":false},"excerpt":{"rendered":"<p>\u00a0 Pour confirmer votre inscription, veuillez consulter votre boite mail. Les informations recueillies font l\u2019objet d\u2019un traitement informatique destin\u00e9 \u00e0 vous informer sur l\u2019actualit\u00e9 du GIP Cannes Seniors Le Club, sur la base de votre consentement. Les destinataires des donn\u00e9es sont les abonn\u00e9s \u00e0 la newsletter. Conform\u00e9ment \u00e0 la loi \u00ab informatique et libert\u00e9s \u00bb [&hellip;]<\/p>\n","protected":false},"author":1,"featured_media":0,"parent":0,"menu_order":0,"comment_status":"closed","ping_status":"closed","template":"","meta":{"site-sidebar-layout":"default","site-content-layout":"","ast-site-content-layout":"default","site-content-style":"default","site-sidebar-style":"default","ast-global-header-display":"","ast-banner-title-visibility":"","ast-main-header-display":"","ast-hfb-above-header-display":"","ast-hfb-below-header-display":"","ast-hfb-mobile-header-display":"","site-post-title":"","ast-breadcrumbs-content":"","ast-featured-img":"","footer-sml-layout":"","ast-disable-related-posts":"","theme-transparent-header-meta":"","adv-header-id-meta":"","stick-header-meta":"","header-above-stick-meta":"","header-main-stick-meta":"","header-below-stick-meta":"","astra-migrate-meta-layouts":"default","ast-page-background-enabled":"default","ast-page-background-meta":{"desktop":{"background-color":"var(--ast-global-color-4)","background-image":"","background-repeat":"repeat","background-position":"center center","background-size":"auto","background-attachment":"scroll","background-type":"","background-media":"","overlay-type":"","overlay-color":"","overlay-opacity":"","overlay-gradient":""},"tablet":{"background-color":"","background-image":"","background-repeat":"repeat","background-position":"center center","background-size":"auto","background-attachment":"scroll","background-type":"","background-media":"","overlay-type":"","overlay-color":"","overlay-opacity":"","overlay-gradient":""},"mobile":{"background-color":"","background-image":"","background-repeat":"repeat","background-position":"center center","background-size":"auto","background-attachment":"scroll","background-type":"","background-media":"","overlay-type":"","overlay-color":"","overlay-opacity":"","overlay-gradient":""}},"ast-content-background-meta":{"desktop":{"background-color":"var(--ast-global-color-5)","background-image":"","background-repeat":"repeat","background-position":"center center","background-size":"auto","background-attachment":"scroll","background-type":"","background-media":"","overlay-type":"","overlay-color":"","overlay-opacity":"","overlay-gradient":""},"tablet":{"background-color":"var(--ast-global-color-5)","background-image":"","background-repeat":"repeat","background-position":"center center","background-size":"auto","background-attachment":"scroll","background-type":"","background-media":"","overlay-type":"","overlay-color":"","overlay-opacity":"","overlay-gradient":""},"mobile":{"background-color":"var(--ast-global-color-5)","background-image":"","background-repeat":"repeat","background-position":"center center","background-size":"auto","background-attachment":"scroll","background-type":"","background-media":"","overlay-type":"","overlay-color":"","overlay-opacity":"","overlay-gradient":""}},"footnotes":""},"class_list":["post-21390","page","type-page","status-publish","hentry"],"_links":{"self":[{"href":"https:\/\/news-cba.info\/newsletter\/wp-json\/wp\/v2\/pages\/21390","targetHints":{"allow":["GET"]}}],"collection":[{"href":"https:\/\/news-cba.info\/newsletter\/wp-json\/wp\/v2\/pages"}],"about":[{"href":"https:\/\/news-cba.info\/newsletter\/wp-json\/wp\/v2\/types\/page"}],"author":[{"embeddable":true,"href":"https:\/\/news-cba.info\/newsletter\/wp-json\/wp\/v2\/users\/1"}],"replies":[{"embeddable":true,"href":"https:\/\/news-cba.info\/newsletter\/wp-json\/wp\/v2\/comments?post=21390"}],"version-history":[{"count":0,"href":"https:\/\/news-cba.info\/newsletter\/wp-json\/wp\/v2\/pages\/21390\/revisions"}],"wp:attachment":[{"href":"https:\/\/news-cba.info\/newsletter\/wp-json\/wp\/v2\/media?parent=21390"}],"curies":[{"name":"wp","href":"https:\/\/api.w.org\/{rel}","templated":true}]}}