{"id":21879,"date":"2023-09-29T18:47:38","date_gmt":"2023-09-29T16:47:38","guid":{"rendered":"https:\/\/news-cba.info\/newsletter\/?page_id=21879"},"modified":"2023-09-29T18:48:33","modified_gmt":"2023-09-29T16:48:33","slug":"inscription-validee","status":"publish","type":"page","link":"https:\/\/news-cba.info\/newsletter\/inscription-validee\/","title":{"rendered":""},"content":{"rendered":"\n<figure class=\"wp-block-image aligncenter size-full is-resized\"><a href=\"https:\/\/news-cba.info\/newsletter\/wp-content\/uploads\/2022\/01\/Logo_Cannes-Seniors-Le-Club-200.jpg\"><img loading=\"lazy\" decoding=\"async\" src=\"https:\/\/news-cba.info\/newsletter\/wp-content\/uploads\/2022\/01\/Logo_Cannes-Seniors-Le-Club-200.jpg\" alt=\"\" class=\"wp-image-17110\" style=\"width:395px;height:128px\" width=\"395\" height=\"128\" srcset=\"https:\/\/news-cba.info\/newsletter\/wp-content\/uploads\/2022\/01\/Logo_Cannes-Seniors-Le-Club-200.jpg 619w, https:\/\/news-cba.info\/newsletter\/wp-content\/uploads\/2022\/01\/Logo_Cannes-Seniors-Le-Club-200-300x97.jpg 300w, https:\/\/news-cba.info\/newsletter\/wp-content\/uploads\/2022\/01\/Logo_Cannes-Seniors-Le-Club-200-150x48.jpg 150w\" sizes=\"auto, (max-width: 395px) 100vw, 395px\" \/><\/a><\/figure>\n\n\n\n<p class=\"has-text-align-center has-large-font-size\">Votre inscription \u00e0 la Newsletter a \u00e9t\u00e9 valid\u00e9e.<\/p>\n\n\n\n<p><\/p>\n\n\n\n<p class=\"has-text-align-center has-large-font-size\">Merci<\/p>\n","protected":false},"excerpt":{"rendered":"<p>Votre inscription \u00e0 la Newsletter a \u00e9t\u00e9 valid\u00e9e. Merci<\/p>\n","protected":false},"author":1,"featured_media":0,"parent":0,"menu_order":0,"comment_status":"closed","ping_status":"closed","template":"","meta":{"site-sidebar-layout":"default","site-content-layout":"","ast-site-content-layout":"default","site-content-style":"default","site-sidebar-style":"default","ast-global-header-display":"","ast-banner-title-visibility":"","ast-main-header-display":"","ast-hfb-above-header-display":"","ast-hfb-below-header-display":"","ast-hfb-mobile-header-display":"","site-post-title":"","ast-breadcrumbs-content":"","ast-featured-img":"","footer-sml-layout":"","ast-disable-related-posts":"","theme-transparent-header-meta":"","adv-header-id-meta":"","stick-header-meta":"","header-above-stick-meta":"","header-main-stick-meta":"","header-below-stick-meta":"","astra-migrate-meta-layouts":"default","ast-page-background-enabled":"default","ast-page-background-meta":{"desktop":{"background-color":"var(--ast-global-color-4)","background-image":"","background-repeat":"repeat","background-position":"center center","background-size":"auto","background-attachment":"scroll","background-type":"","background-media":"","overlay-type":"","overlay-color":"","overlay-opacity":"","overlay-gradient":""},"tablet":{"background-color":"","background-image":"","background-repeat":"repeat","background-position":"center center","background-size":"auto","background-attachment":"scroll","background-type":"","background-media":"","overlay-type":"","overlay-color":"","overlay-opacity":"","overlay-gradient":""},"mobile":{"background-color":"","background-image":"","background-repeat":"repeat","background-position":"center center","background-size":"auto","background-attachment":"scroll","background-type":"","background-media":"","overlay-type":"","overlay-color":"","overlay-opacity":"","overlay-gradient":""}},"ast-content-background-meta":{"desktop":{"background-color":"var(--ast-global-color-5)","background-image":"","background-repeat":"repeat","background-position":"center center","background-size":"auto","background-attachment":"scroll","background-type":"","background-media":"","overlay-type":"","overlay-color":"","overlay-opacity":"","overlay-gradient":""},"tablet":{"background-color":"var(--ast-global-color-5)","background-image":"","background-repeat":"repeat","background-position":"center center","background-size":"auto","background-attachment":"scroll","background-type":"","background-media":"","overlay-type":"","overlay-color":"","overlay-opacity":"","overlay-gradient":""},"mobile":{"background-color":"var(--ast-global-color-5)","background-image":"","background-repeat":"repeat","background-position":"center center","background-size":"auto","background-attachment":"scroll","background-type":"","background-media":"","overlay-type":"","overlay-color":"","overlay-opacity":"","overlay-gradient":""}},"footnotes":""},"class_list":["post-21879","page","type-page","status-publish","hentry"],"_links":{"self":[{"href":"https:\/\/news-cba.info\/newsletter\/wp-json\/wp\/v2\/pages\/21879","targetHints":{"allow":["GET"]}}],"collection":[{"href":"https:\/\/news-cba.info\/newsletter\/wp-json\/wp\/v2\/pages"}],"about":[{"href":"https:\/\/news-cba.info\/newsletter\/wp-json\/wp\/v2\/types\/page"}],"author":[{"embeddable":true,"href":"https:\/\/news-cba.info\/newsletter\/wp-json\/wp\/v2\/users\/1"}],"replies":[{"embeddable":true,"href":"https:\/\/news-cba.info\/newsletter\/wp-json\/wp\/v2\/comments?post=21879"}],"version-history":[{"count":0,"href":"https:\/\/news-cba.info\/newsletter\/wp-json\/wp\/v2\/pages\/21879\/revisions"}],"wp:attachment":[{"href":"https:\/\/news-cba.info\/newsletter\/wp-json\/wp\/v2\/media?parent=21879"}],"curies":[{"name":"wp","href":"https:\/\/api.w.org\/{rel}","templated":true}]}}