{"id":22185,"date":"2023-11-05T14:28:22","date_gmt":"2023-11-05T13:28:22","guid":{"rendered":"https:\/\/news-cba.info\/newsletter\/?page_id=22185"},"modified":"2023-11-05T16:04:21","modified_gmt":"2023-11-05T15:04:21","slug":"newsletter-signup","status":"publish","type":"page","link":"https:\/\/news-cba.info\/newsletter\/","title":{"rendered":"newsletter-signup"},"content":{"rendered":"\n<figure class=\"wp-block-image aligncenter size-full is-resized\"><a href=\"https:\/\/news-cba.info\/newsletter\/wp-content\/uploads\/2022\/01\/Logo_Cannes-Seniors-Le-Club-200.jpg\"><img loading=\"lazy\" decoding=\"async\" width=\"619\" height=\"200\" src=\"https:\/\/news-cba.info\/newsletter\/wp-content\/uploads\/2022\/01\/Logo_Cannes-Seniors-Le-Club-200.jpg\" alt=\"\" class=\"wp-image-17110\" style=\"aspect-ratio:3.095;width:285px;height:auto\" srcset=\"https:\/\/news-cba.info\/newsletter\/wp-content\/uploads\/2022\/01\/Logo_Cannes-Seniors-Le-Club-200.jpg 619w, https:\/\/news-cba.info\/newsletter\/wp-content\/uploads\/2022\/01\/Logo_Cannes-Seniors-Le-Club-200-300x97.jpg 300w, https:\/\/news-cba.info\/newsletter\/wp-content\/uploads\/2022\/01\/Logo_Cannes-Seniors-Le-Club-200-150x48.jpg 150w\" sizes=\"auto, (max-width: 619px) 100vw, 619px\" \/><\/a><\/figure>\n\n\n\n\n<div class=\"mailster-block-form-type-content wp-block-mailster-form-outside-wrapper wp-block-mailster-form-outside-wrapper-9a3ab2eb wp-block-mailster-form-outside-wrapper-22188 wp-block-mailster-form\"><style class=\"mailster-form-style-9a3ab2eb\">.wp-block-mailster-form-outside-wrapper-9a3ab2eb .wp-block-mailster-form-wrapper::before{content:\"\";top:0;left:0;bottom:0;right:0;;background-image:url(https:\/\/news-cba.info\/newsletter\/wp-content\/uploads\/2023\/11\/logo-news-23.webp);opacity:100%;position:absolute;background-size:contain;background-position:-12% 51%;background-repeat:no-repeat;border-radius:44px}.wp-block-mailster-form-outside-wrapper-9a3ab2eb .wp-block-mailster-form-wrapper{border-radius:44px}.wp-block-mailster-form-outside-wrapper-9a3ab2eb .wp-block-mailster-form-wrapper .mailster-label{color:var(--ast-global-color-1)}.wp-block-mailster-form-outside-wrapper-9a3ab2eb .wp-block-mailster-form-wrapper .input{background-color:var(--ast-global-color-5)}.mailster-block-form input[type=\"text\"]{padding:12px;border:1px solid rgb(173, 182, 190);font:16px \/ 26.4px -apple-system, BlinkMacSystemFont, \"Segoe UI\", Roboto, Oxygen-Sans, Ubuntu, Cantarell, \"Helvetica Neue\", sans-serif;border-radius:2px;background:rgb(249, 250, 251) none repeat scroll 0% 0% \/ auto padding-box border-box;box-shadow:none;line-height:26.4px;appearance:none;outline:rgb(102, 102, 102) none 0px;text-transform:none;letter-spacing:normal;height:52.3906px;}.mailster-block-form input[type=\"email\"]{padding:12px;border:1px solid rgb(173, 182, 190);font:16px \/ 26.4px -apple-system, BlinkMacSystemFont, \"Segoe UI\", Roboto, Oxygen-Sans, Ubuntu, Cantarell, \"Helvetica Neue\", sans-serif;border-radius:2px;background:rgb(249, 250, 251) none repeat scroll 0% 0% \/ auto padding-box border-box;box-shadow:none;line-height:26.4px;appearance:none;outline:rgb(102, 102, 102) none 0px;text-transform:none;letter-spacing:normal;height:52.3906px;}.mailster-block-form input[type=\"date\"]{padding:0px 0px 0px 1px;border:2px inset rgb(118, 118, 118);font:16px \/ 26.4px -apple-system, BlinkMacSystemFont, \"Segoe UI\", Roboto, Oxygen-Sans, Ubuntu, Cantarell, \"Helvetica Neue\", sans-serif;border-radius:0px;background:rgb(255, 255, 255) none repeat scroll 0% 0% \/ auto padding-box border-box;box-shadow:none;line-height:26.4px;appearance:auto;outline:rgb(128, 130, 133) none 0px;text-transform:none;letter-spacing:normal;height:32.4062px;}.mailster-block-form input[type=\"checkbox\"]{padding:0px;border:0px none rgb(128, 130, 133);font:16px \/ 26.4px -apple-system, BlinkMacSystemFont, \"Segoe UI\", Roboto, Oxygen-Sans, Ubuntu, Cantarell, \"Helvetica Neue\", sans-serif;border-radius:0px;background:rgba(0, 0, 0, 0) none repeat scroll 0% 0% \/ auto padding-box border-box;box-shadow:none;line-height:26.4px;appearance:auto;outline:rgb(128, 130, 133) none 0px;text-transform:none;letter-spacing:normal;width:13px;height:13px;}.mailster-block-form input[type=\"radio\"]{padding:0px;border:0px none rgb(128, 130, 133);font:16px \/ 26.4px -apple-system, BlinkMacSystemFont, \"Segoe UI\", Roboto, Oxygen-Sans, Ubuntu, Cantarell, \"Helvetica Neue\", sans-serif;border-radius:0px;background:rgba(0, 0, 0, 0) none repeat scroll 0% 0% \/ auto padding-box border-box;box-shadow:none;line-height:26.4px;appearance:auto;outline:rgb(128, 130, 133) none 0px;text-transform:none;letter-spacing:normal;width:13px;height:13px;}.mailster-block-form input[type=\"submit\"]{padding:15px 30px;border:0px solid rgb(4, 107, 210);font:500 16px \/ 16px -apple-system, BlinkMacSystemFont, \"Segoe UI\", Roboto, Oxygen-Sans, Ubuntu, Cantarell, \"Helvetica Neue\", sans-serif;border-radius:0px;background:rgb(4, 107, 210) none repeat scroll 0% 0% \/ auto padding-box border-box;box-shadow:none;line-height:16px;appearance:button;outline:rgb(255, 255, 255) none 0px;text-transform:none;letter-spacing:normal;border:0px solid rgb(4, 107, 210);outline:rgb(255, 255, 255) none 0px;color:rgb(255, 255, 255);}.mailster-block-form select{padding:12px;border:1px solid rgb(173, 182, 190);font:16px -apple-system, BlinkMacSystemFont, \"Segoe UI\", Roboto, Oxygen-Sans, Ubuntu, Cantarell, \"Helvetica Neue\", sans-serif;border-radius:2px;background:rgb(249, 250, 251) none repeat scroll 0% 0% \/ auto padding-box border-box;box-shadow:none;line-height:normal;appearance:auto;outline:rgb(102, 102, 102) none 0px;text-transform:none;letter-spacing:normal;height:49px;}.mailster-block-form label{padding:0px;border:0px none rgb(51, 65, 85);font:16px \/ 26.4px -apple-system, BlinkMacSystemFont, \"Segoe UI\", Roboto, Oxygen-Sans, Ubuntu, Cantarell, \"Helvetica Neue\", sans-serif;border-radius:0px;background:rgba(0, 0, 0, 0) none repeat scroll 0% 0% \/ auto padding-box border-box;box-shadow:none;line-height:26.4px;appearance:none;outline:rgb(51, 65, 85) none 0px;text-transform:none;letter-spacing:normal;}.mailster-block-form textarea{padding:12px;border:1px solid rgb(173, 182, 190);font:16px \/ 26.4px -apple-system, BlinkMacSystemFont, \"Segoe UI\", Roboto, Oxygen-Sans, Ubuntu, Cantarell, \"Helvetica Neue\", sans-serif;border-radius:2px;background:rgb(249, 250, 251) none repeat scroll 0% 0% \/ auto padding-box border-box;box-shadow:none;line-height:26.4px;appearance:none;outline:rgb(102, 102, 102) none 0px;text-transform:none;letter-spacing:normal;}div.wp-block-mailster-form-outside-wrapper.wp-block-mailster-form-outside-wrapper-9a3ab2eb.wp-block-mailster-form-outside-wrapper-22188 .mailster-wrapper{margin-top:1em}<\/style>\n<form method=\"post\" novalidate style=\"color:#222222;background:linear-gradient(135deg,rgb(94,196,255) 0%,rgb(44,57,209) 98%)\" class=\"wp-block-mailster-form-wrapper mailster-block-form has-text-color has-background\"><div class=\"mailster-block-form-inner\">\n<div class=\"wp-block-columns is-layout-flex wp-container-core-columns-is-layout-1 wp-block-columns-is-layout-flex\">\n<div class=\"wp-block-column is-layout-flow wp-block-column-is-layout-flow\" style=\"flex-basis:33%\"><\/div>\n\n\n\n<div class=\"wp-block-column is-layout-flow wp-block-column-is-layout-flow\" style=\"padding-top:2rem;padding-right:2rem;padding-bottom:2rem;padding-left:2rem;flex-basis:66.67%\">\n<h2 class=\"wp-block-heading has-ast-global-color-5-color has-text-color\" style=\"font-style:normal;font-weight:700\">S&rsquo;inscrire \u00e0 la Newsletter<\/h2>\n\n\n\n<p><\/p>\n\n\n\n<div class=\"wp-block-mailster-messages mailster-block-form-info mailster-wrapper\" aria-hidden=\"true\"><div class=\"mailster-block-form-info-success\" style=\"width:100%;color:#ffffff;background:#6fbf4d\"><div>Consultez votre boite mail pour confirmer votre inscription.<\/div><div class=\"mailster-block-form-info-extra\"><\/div><\/div><div class=\"mailster-block-form-info-error\" style=\"width:100%;color:#ffffff;background:#bf4d4d\"><div>Certains champs sont manquants ou incorrects.<\/div><div class=\"mailster-block-form-info-extra\"><\/div><\/div><\/div>\n\n\n\n<div class=\"wp-block-mailster-field-firstname mailster-wrapper mailster-wrapper-required mailster-wrapper-type-text mailster-wrapper-inline mailster-wrapper-asterisk\" style=\"width:100%\"><input name=\"firstname\" id=\"mailster-id-17c13b\" type=\"text\" aria-required=\"true\" aria-label=\"Pr\u00e9nom\" spellcheck=\"false\" required value=\"\" class=\"input\" autocomplete=\"name\" placeholder=\" \"\/><label for=\"mailster-id-17c13b\" class=\"mailster-label\">Pr\u00e9nom<\/label><\/div>\n\n\n\n<div class=\"wp-block-mailster-field-lastname mailster-wrapper mailster-wrapper-required mailster-wrapper-type-text mailster-wrapper-inline mailster-wrapper-asterisk\" style=\"width:100%\"><input name=\"lastname\" id=\"mailster-id-39fab8\" type=\"text\" aria-required=\"true\" aria-label=\"Nom\" spellcheck=\"false\" required value=\"\" class=\"input\" autocomplete=\"family-name\" placeholder=\" \"\/><label for=\"mailster-id-39fab8\" class=\"mailster-label\">Nom<\/label><\/div>\n\n\n\n<div class=\"wp-block-mailster-field-email mailster-wrapper mailster-wrapper-required mailster-wrapper-type-email mailster-wrapper-inline mailster-wrapper-asterisk\"><input name=\"email\" id=\"mailster-id-313e8f\" type=\"email\" aria-required=\"true\" aria-label=\"Email\" spellcheck=\"false\" required value=\"\" class=\"input\" autocomplete=\"email\" placeholder=\" \"\/><label for=\"mailster-id-313e8f\" class=\"mailster-label\">Email<\/label><\/div>\n\n\n\n<div class=\"wp-block-mailster-gdpr mailster-wrapper has-ast-global-color-3-color has-ast-global-color-5-background-color has-text-color has-background\" style=\"font-size:16px\"><div class=\"mailster-group mailster-group-checkbox\"><input id=\"mailster-id-aa0e1d\" type=\"checkbox\" name=\"_gdpr\" value=\"1\"\/><label style=\"font-size:16px\" for=\"mailster-id-aa0e1d\" class=\"mailster-label\">J&rsquo;accepte la politique de confidentialit\u00e9 et les termes. (<a href=\"https:\/\/news-cba.info\/newsletter\/politique-de-confidentialite\/\" data-type=\"link\" data-id=\"https:\/\/news-cba.info\/newsletter\/politique-de-confidentialite\/\">Lien<\/a>)<\/label><\/div><\/div>\n\n\n\n<div class=\"wp-block-mailster-field-submit mailster-wrapper mailster-wrapper-type-submit wp-block-button\"><input name=\"submit\" id=\"mailster-id-13b4a6\" type=\"submit\" value=\"S'inscrire\" class=\"wp-block-button__link submit-button\"\/><\/div>\n\n\n\n<p class=\"has-ast-global-color-5-color has-text-color\" style=\"font-size:12px\">Les informations recueillies font l\u2019objet d\u2019un traitement informatique destin\u00e9 \u00e0 vous informer sur l\u2019actualit\u00e9 du GIP Cannes Seniors Le Club, sur la base de votre consentement. Les destinataires des donn\u00e9es sont les abonn\u00e9s \u00e0 la newsletter. Conform\u00e9ment \u00e0 la loi \u00ab informatique et libert\u00e9s \u00bb du 6 janvier 1978 modifi\u00e9e en 2004, vous b\u00e9n\u00e9ficiez d\u2019un droit d\u2019acc\u00e8s et de rectification aux informations qui vous concernent, que vous pouvez exercer en vous adressant courrier \u00e0 : GIP Cannes Seniors Le Club, 15, avenue du Petit Juas, 06400 CANNES et par mail \u00e0 rgpd@csleclub.com. Vous pouvez \u00e9galement, pour des motifs l\u00e9gitimes, vous opposer au traitement des donn\u00e9es vous concernant.<\/p>\n<\/div>\n<\/div>\n<\/div><script class=\"mailster-block-form-data\" type=\"application\/json\">{\"id\":22188,\"identifier\":\"9a3ab2eb\",\"cooldown\":0,\"isPreview\":false,\"type\":\"submission\",\"prefill\":false}<\/script><input name=\"_timestamp\" type=\"hidden\" value=\"1777900998\" \/>\n<button class=\"mailster-block-form-close\" aria-label=\"fermer\" tabindex=\"0\"><svg viewbox=\"0 0 100 100\"><path d=\"M100 10.71 89.29 0 50 39.29 10.71 0 0 10.71 39.29 50 0 89.29 10.71 100 50 60.71 89.29 100 100 89.29 60.71 50z\"\/><\/svg><\/button><\/form>\n<\/div>\n\n\n\n\n\n\n\n","protected":false},"excerpt":{"rendered":"","protected":false},"author":1,"featured_media":0,"parent":0,"menu_order":0,"comment_status":"closed","ping_status":"closed","template":"","meta":{"site-sidebar-layout":"default","site-content-layout":"","ast-site-content-layout":"default","site-content-style":"default","site-sidebar-style":"default","ast-global-header-display":"","ast-banner-title-visibility":"","ast-main-header-display":"","ast-hfb-above-header-display":"","ast-hfb-below-header-display":"","ast-hfb-mobile-header-display":"","site-post-title":"disabled","ast-breadcrumbs-content":"","ast-featured-img":"","footer-sml-layout":"","ast-disable-related-posts":"","theme-transparent-header-meta":"","adv-header-id-meta":"","stick-header-meta":"","header-above-stick-meta":"","header-main-stick-meta":"","header-below-stick-meta":"","astra-migrate-meta-layouts":"","ast-page-background-enabled":"default","ast-page-background-meta":{"desktop":{"background-color":"var(--ast-global-color-4)","background-image":"","background-repeat":"repeat","background-position":"center center","background-size":"auto","background-attachment":"scroll","background-type":"","background-media":"","overlay-type":"","overlay-color":"","overlay-opacity":"","overlay-gradient":""},"tablet":{"background-color":"","background-image":"","background-repeat":"repeat","background-position":"center center","background-size":"auto","background-attachment":"scroll","background-type":"","background-media":"","overlay-type":"","overlay-color":"","overlay-opacity":"","overlay-gradient":""},"mobile":{"background-color":"","background-image":"","background-repeat":"repeat","background-position":"center center","background-size":"auto","background-attachment":"scroll","background-type":"","background-media":"","overlay-type":"","overlay-color":"","overlay-opacity":"","overlay-gradient":""}},"ast-content-background-meta":{"desktop":{"background-color":"var(--ast-global-color-5)","background-image":"","background-repeat":"repeat","background-position":"center center","background-size":"auto","background-attachment":"scroll","background-type":"","background-media":"","overlay-type":"","overlay-color":"","overlay-opacity":"","overlay-gradient":""},"tablet":{"background-color":"var(--ast-global-color-5)","background-image":"","background-repeat":"repeat","background-position":"center center","background-size":"auto","background-attachment":"scroll","background-type":"","background-media":"","overlay-type":"","overlay-color":"","overlay-opacity":"","overlay-gradient":""},"mobile":{"background-color":"var(--ast-global-color-5)","background-image":"","background-repeat":"repeat","background-position":"center center","background-size":"auto","background-attachment":"scroll","background-type":"","background-media":"","overlay-type":"","overlay-color":"","overlay-opacity":"","overlay-gradient":""}},"footnotes":""},"class_list":["post-22185","page","type-page","status-publish","hentry"],"_links":{"self":[{"href":"https:\/\/news-cba.info\/newsletter\/wp-json\/wp\/v2\/pages\/22185","targetHints":{"allow":["GET"]}}],"collection":[{"href":"https:\/\/news-cba.info\/newsletter\/wp-json\/wp\/v2\/pages"}],"about":[{"href":"https:\/\/news-cba.info\/newsletter\/wp-json\/wp\/v2\/types\/page"}],"author":[{"embeddable":true,"href":"https:\/\/news-cba.info\/newsletter\/wp-json\/wp\/v2\/users\/1"}],"replies":[{"embeddable":true,"href":"https:\/\/news-cba.info\/newsletter\/wp-json\/wp\/v2\/comments?post=22185"}],"version-history":[{"count":0,"href":"https:\/\/news-cba.info\/newsletter\/wp-json\/wp\/v2\/pages\/22185\/revisions"}],"wp:attachment":[{"href":"https:\/\/news-cba.info\/newsletter\/wp-json\/wp\/v2\/media?parent=22185"}],"curies":[{"name":"wp","href":"https:\/\/api.w.org\/{rel}","templated":true}]}}