{"id":9576,"date":"2018-05-27T16:37:50","date_gmt":"2018-05-27T14:37:50","guid":{"rendered":"http:\/\/news-cba.info\/newsletter\/?page_id=9576"},"modified":"2026-02-03T14:23:44","modified_gmt":"2026-02-03T13:23:44","slug":"politique-de-confidentialite","status":"publish","type":"page","link":"https:\/\/news-cba.info\/newsletter\/politique-de-confidentialite\/","title":{"rendered":"Politique de confidentialit\u00e9"},"content":{"rendered":"<h2>Qui sommes-nous\u00a0?<\/h2>\n<p>Plateforme de la Newsletter du GIP Cannes Seniors Le Club<\/p>\n<h2>Utilisation des donn\u00e9es personnelles collect\u00e9es<\/h2>\n<p><em>Les informations recueillies font l\u2019objet d\u2019un traitement informatique destin\u00e9 \u00e0 informer les adh\u00e9rents sur l\u2019actualit\u00e9 du GIP Cannes Seniors Le Club. Les destinataires des donn\u00e9es sont les abonn\u00e9s \u00e0 la newsletter. Conform\u00e9ment \u00e0 la loi \u00ab informatique et libert\u00e9s \u00bb du 6 janvier 1978 modifi\u00e9e en 2004, vous b\u00e9n\u00e9ficiez d\u2019un droit d\u2019acc\u00e8s et de rectification aux informations qui vous concernent, que vous pouvez exercer.<\/em><\/p>\n<p><b>Base l\u00e9gale du traitement<\/b><\/p>\n<p>La collecte et le traitement des donn\u00e9es reposent sur votre consentement, conform\u00e9ment \u00e0 l\u2019article 6.1.a du R\u00e8glement G\u00e9n\u00e9ral sur la Protection des Donn\u00e9es (RGPD). Vous pouvez retirer ce consentement \u00e0 tout moment en vous d\u00e9sinscrivant via le lien de d\u00e9sinscription pr\u00e9sent dans chaque newsletter.<\/p>\n<p><b>Dur\u00e9e de conservation des donn\u00e9es<br \/>\n<\/b>Vos donn\u00e9es personnelles sont conserv\u00e9es aussi longtemps que vous \u00eates abonn\u00e9 \u00e0 la newsletter et supprim\u00e9es dans un d\u00e9lai maximal de 12 mois apr\u00e8s votre d\u00e9sinscription.<\/p>\n<p><b>Vos droits<br \/>\n<\/b>Conform\u00e9ment \u00e0 la loi \u00ab Informatique et Libert\u00e9s \u00bb du 6 janvier 1978 modifi\u00e9e et au R\u00e8glement G\u00e9n\u00e9ral sur la Protection des Donn\u00e9es (RGPD \u2013 R\u00e8glement UE 2016\/679), vous disposez des droits suivants sur vos donn\u00e9es personnelles :<\/p>\n<ul>\n<li>Droit d\u2019acc\u00e8s : obtenir des informations sur le traitement de vos donn\u00e9es et en recevoir une copie.<\/li>\n<li>Droit de rectification : demander la correction de vos donn\u00e9es si elles sont inexactes ou incompl\u00e8tes.<\/li>\n<li>Droit d\u2019opposition : vous opposer \u00e0 tout moment \u00e0 l\u2019utilisation de vos donn\u00e9es \u00e0 des fins de communication.<\/li>\n<li>Droit d\u2019effacement : demander la suppression de vos donn\u00e9es lorsque celles-ci ne sont plus n\u00e9cessaires aux finalit\u00e9s pour lesquelles elles ont \u00e9t\u00e9 collect\u00e9es.<\/li>\n<li>Droit \u00e0 la limitation du traitement : restreindre temporairement l\u2019utilisation de vos donn\u00e9es dans certains cas.<\/li>\n<\/ul>\n<p><b>Exercice de vos droits<br \/>\n<\/b><\/p>\n<p>Vous pouvez exercer ces droits en nous contactant par courrier \u00e0 l\u2019adresse suivante :<\/p>\n<p><strong>Par mail : rgpd@csleclub.com<\/strong><\/p>\n<p><strong>GIP Cannes Seniors Le Club<\/strong><br \/>\n<strong>15 avenue du Petit Juas<\/strong><br \/>\n<strong>06400 Cannes<\/strong><\/p>\n<p>Pour toute question relative \u00e0 la protection des donn\u00e9es, vous pouvez \u00e9galement contacter la Commission Nationale de l&rsquo;Informatique et des Libert\u00e9s (CNIL) sur www.cnil.fr.<\/p>\n<h3>Cookies<\/h3>\n<p>Si vous d\u00e9posez un commentaire sur notre site, il vous sera propos\u00e9 d\u2019enregistrer votre nom, adresse de messagerie et site web dans des cookies. C\u2019est uniquement pour votre confort afin de ne pas avoir \u00e0 saisir ces informations si vous d\u00e9posez un autre commentaire plus tard. Ces cookies expirent au bout d\u2019un an.<\/p>\n<p>Si vous avez un compte et que vous vous connectez sur ce site, un cookie temporaire sera cr\u00e9\u00e9 afin de d\u00e9terminer si votre navigateur accepte les cookies. Il ne contient pas de donn\u00e9es personnelles et sera supprim\u00e9 automatiquement \u00e0 la fermeture de votre navigateur.<\/p>\n<p>Lorsque vous vous connecterez, nous mettrons en place un certain nombre de cookies pour enregistrer vos informations de connexion et vos pr\u00e9f\u00e9rences d\u2019\u00e9cran. La dur\u00e9e de vie d\u2019un cookie de connexion est de deux jours, celle d\u2019un cookie d\u2019option d\u2019\u00e9cran est d\u2019un an. Si vous cochez \u00ab\u00a0Se souvenir de moi\u00a0\u00bb, votre cookie de connexion sera conserv\u00e9 pendant deux semaines. Si vous vous d\u00e9connectez de votre compte, le cookie de connexion sera effac\u00e9.<\/p>\n<p>En modifiant ou en publiant un article, un cookie suppl\u00e9mentaire sera enregistr\u00e9 dans votre navigateur. Ce cookie ne comprend aucune donn\u00e9e personnelle. Il indique simplement l\u2019identifiant de l\u2019article que vous venez de modifier. Il expire au bout d\u2019un jour.<\/p>\n<h3>Contenu embarqu\u00e9 depuis d\u2019autres sites<\/h3>\n<p>Les articles de ce site peuvent inclure des contenus int\u00e9gr\u00e9s (par exemple des vid\u00e9os, images, articles\u2026). Le contenu int\u00e9gr\u00e9 depuis d\u2019autres sites se comporte de la m\u00eame mani\u00e8re que si le visiteur se rendait sur cet autre site.<\/p>\n<p>Ces sites web pourraient collecter des donn\u00e9es sur vous, utiliser des cookies, embarquer des outils de suivis tiers, suivre vos interactions avec ces contenus embarqu\u00e9s si vous disposez d\u2019un compte connect\u00e9 sur leur site web.<\/p>\n<h3>Statistiques et mesures d\u2019audience<\/h3>\n<p>Ne sont mesur\u00e9es que les informations concernant la lecture de la newsletter, la consultations des liens et la bonne r\u00e9ception de la newsletter.<\/p>\n<h3>Utilisation et transmission de vos donn\u00e9es personnelles<\/h3>\n<p>Ces donn\u00e9es sont exclusivement destin\u00e9es au Groupement d\u2019Int\u00e9r\u00eat Public (GIP) Cannes Seniors Le Club et ne sont en aucun cas c\u00e9d\u00e9es ou transmises \u00e0 des tiers, ni utilis\u00e9es \u00e0 votre insu.<\/p>\n<h3>Dur\u00e9es de stockage de vos donn\u00e9es<\/h3>\n<p>Pour les utilisateurs et utilisatrices qui s\u2019enregistrent sur notre site, nous stockons \u00e9galement les donn\u00e9es personnelles indiqu\u00e9es dans leur profil. Tous les utilisateurs et utilisatrices peuvent voir, modifier ou supprimer leurs informations personnelles \u00e0 tout moment (\u00e0 l\u2019exception de leur nom d\u2019utilisateur). Les gestionnaires du site peuvent aussi voir et modifier ces informations.<\/p>\n<h3>Les droits que vous avez sur vos donn\u00e9es<\/h3>\n<p>Si vous avez un compte sur le site, vous pouvez demander \u00e0 recevoir un fichier contenant toutes les donn\u00e9es personnelles que nous poss\u00e9dons \u00e0 votre sujet, incluant celles que vous nous avez fournies. Vous pouvez \u00e9galement demander la suppression des donn\u00e9es personnelles vous concernant. Cela ne prend pas en compte les donn\u00e9es stock\u00e9es \u00e0 des fins administratives, l\u00e9gales ou pour des raisons de s\u00e9curit\u00e9.<\/p>\n","protected":false},"excerpt":{"rendered":"<p>Qui sommes-nous\u00a0? Plateforme de la Newsletter du GIP Cannes Seniors Le Club Utilisation des donn\u00e9es personnelles collect\u00e9es Les informations recueillies font l\u2019objet d\u2019un traitement informatique destin\u00e9 \u00e0 informer les adh\u00e9rents sur l\u2019actualit\u00e9 du GIP Cannes Seniors Le Club. Les destinataires des donn\u00e9es sont les abonn\u00e9s \u00e0 la newsletter. Conform\u00e9ment \u00e0 la loi \u00ab informatique et [&hellip;]<\/p>\n","protected":false},"author":1,"featured_media":0,"parent":0,"menu_order":0,"comment_status":"closed","ping_status":"closed","template":"","meta":{"site-sidebar-layout":"default","site-content-layout":"","ast-site-content-layout":"default","site-content-style":"default","site-sidebar-style":"default","ast-global-header-display":"","ast-banner-title-visibility":"","ast-main-header-display":"","ast-hfb-above-header-display":"","ast-hfb-below-header-display":"","ast-hfb-mobile-header-display":"","site-post-title":"","ast-breadcrumbs-content":"","ast-featured-img":"","footer-sml-layout":"","ast-disable-related-posts":"","theme-transparent-header-meta":"","adv-header-id-meta":"","stick-header-meta":"","header-above-stick-meta":"","header-main-stick-meta":"","header-below-stick-meta":"","astra-migrate-meta-layouts":"default","ast-page-background-enabled":"default","ast-page-background-meta":{"desktop":{"background-color":"var(--ast-global-color-4)","background-image":"","background-repeat":"repeat","background-position":"center center","background-size":"auto","background-attachment":"scroll","background-type":"","background-media":"","overlay-type":"","overlay-color":"","overlay-opacity":"","overlay-gradient":""},"tablet":{"background-color":"","background-image":"","background-repeat":"repeat","background-position":"center center","background-size":"auto","background-attachment":"scroll","background-type":"","background-media":"","overlay-type":"","overlay-color":"","overlay-opacity":"","overlay-gradient":""},"mobile":{"background-color":"","background-image":"","background-repeat":"repeat","background-position":"center center","background-size":"auto","background-attachment":"scroll","background-type":"","background-media":"","overlay-type":"","overlay-color":"","overlay-opacity":"","overlay-gradient":""}},"ast-content-background-meta":{"desktop":{"background-color":"var(--ast-global-color-5)","background-image":"","background-repeat":"repeat","background-position":"center center","background-size":"auto","background-attachment":"scroll","background-type":"","background-media":"","overlay-type":"","overlay-color":"","overlay-opacity":"","overlay-gradient":""},"tablet":{"background-color":"var(--ast-global-color-5)","background-image":"","background-repeat":"repeat","background-position":"center center","background-size":"auto","background-attachment":"scroll","background-type":"","background-media":"","overlay-type":"","overlay-color":"","overlay-opacity":"","overlay-gradient":""},"mobile":{"background-color":"var(--ast-global-color-5)","background-image":"","background-repeat":"repeat","background-position":"center center","background-size":"auto","background-attachment":"scroll","background-type":"","background-media":"","overlay-type":"","overlay-color":"","overlay-opacity":"","overlay-gradient":""}},"footnotes":""},"class_list":["post-9576","page","type-page","status-publish","hentry"],"_links":{"self":[{"href":"https:\/\/news-cba.info\/newsletter\/wp-json\/wp\/v2\/pages\/9576","targetHints":{"allow":["GET"]}}],"collection":[{"href":"https:\/\/news-cba.info\/newsletter\/wp-json\/wp\/v2\/pages"}],"about":[{"href":"https:\/\/news-cba.info\/newsletter\/wp-json\/wp\/v2\/types\/page"}],"author":[{"embeddable":true,"href":"https:\/\/news-cba.info\/newsletter\/wp-json\/wp\/v2\/users\/1"}],"replies":[{"embeddable":true,"href":"https:\/\/news-cba.info\/newsletter\/wp-json\/wp\/v2\/comments?post=9576"}],"version-history":[{"count":2,"href":"https:\/\/news-cba.info\/newsletter\/wp-json\/wp\/v2\/pages\/9576\/revisions"}],"predecessor-version":[{"id":28760,"href":"https:\/\/news-cba.info\/newsletter\/wp-json\/wp\/v2\/pages\/9576\/revisions\/28760"}],"wp:attachment":[{"href":"https:\/\/news-cba.info\/newsletter\/wp-json\/wp\/v2\/media?parent=9576"}],"curies":[{"name":"wp","href":"https:\/\/api.w.org\/{rel}","templated":true}]}}